{"id":5298,"date":"2018-10-19T11:47:20","date_gmt":"2018-10-19T09:47:20","guid":{"rendered":"https:\/\/soniabenitez.art\/contact\/"},"modified":"2024-06-22T16:15:06","modified_gmt":"2024-06-22T14:15:06","slug":"contact","status":"publish","type":"page","link":"https:\/\/soniabenitez.art\/en\/contact\/","title":{"rendered":"Contact"},"content":{"rendered":"<section class=\"wpb-content-wrapper\"><p>[vc_row css=&#8221;.vc_custom_1541506378070{padding-top: 91px !important;padding-bottom: 18px !important;}&#8221;][vc_column]<div class=\"eltdf-elements-holder   eltdf-two-columns  eltdf-responsive-mode-1024 \" ><div class=\"eltdf-eh-item    \"  data-item-class=\"eltdf-eh-custom-5261\" data-769-1024=\"0 250px 0 0\" data-681-768=\"0 150px 0 0\" data-680=\"0 0px 0 0\">\n\t<div class=\"eltdf-eh-item-inner\">\n\t\t<div class=\"eltdf-eh-item-content eltdf-eh-custom-5261\" style=\"padding: 0px 110px 0 0\">\n\t\t\t<div class=\"eltdf-section-title-holder  eltdf-st-standard eltdf-st-title-left eltdf-st-normal-space \" >\n\t<div class=\"eltdf-st-inner\">\n\t\t\t\t\t<h1 class=\"eltdf-st-title\" >\n\t\t\t\tContacte\t\t\t<\/h1>\n\t\t\t\t\t\t\t<p class=\"eltdf-st-text\" style=\"margin-top: 18px\">\n\t\t\t\tEm pots contactar a trav\u00e9s de les seg\u00fcents vies o omplint el seg\u00fcent formulari. Et contestar\u00e9 al m\u00e9s aviat possible. Gr\u00e0cies \ud83d\ude42\t\t\t<\/p>\n\t\t\t<\/div>\n<\/div>[vc_empty_space height=&#8221;24px&#8221;][vc_column_text]<\/p>\n<h5>Direct contact<\/h5>\n<p>[\/vc_column_text][vc_column_text]<\/p>\n<h6 style=\"margin-top: 17px;\">T : +34 <a href=\"tel:11234567899\">676339936<\/a><\/h6>\n<p>[\/vc_column_text][vc_column_text]<\/p>\n<h6 style=\"margin-top: 6px;\">E : <a href=\"mailto:hola@soniabenitez.com\">hola@soniabenitez.com<\/a><\/h6>\n<p>[\/vc_column_text][vc_column_text]<\/p>\n<h6 style=\"margin-top: 6px;\">A : Poblenou, Barcelona<\/h6>\n<p>[\/vc_column_text]    <span class=\"eltdf-icon-shortcode eltdf-normal   \"  >\n                    <a itemprop=\"url\" class=\"\" href=\"https:\/\/www.instagram.com\/soniabenitez.art\/\" target=\"_self\">\n                    <i class=\"eltdf-icon-font-awesome fab fa-instagram eltdf-icon-element\" style=\"\" ><\/i>                    <\/a>\n            <\/span>\n[vc_empty_space height=&#8221;83px&#8221;]\t\t<\/div>\n\t<\/div>\n<\/div><div class=\"eltdf-eh-item   eltdf-horizontal-alignment-right \"  data-item-class=\"eltdf-eh-custom-5902\" data-769-1024=\"0px 0 85px 0\" data-681-768=\"0px 0 85px 0\" data-680=\"0px 0 85px 0\">\n\t<div class=\"eltdf-eh-item-inner\">\n\t\t<div class=\"eltdf-eh-item-content eltdf-eh-custom-5902\" style=\"padding: 0px 0 18px 0\">\n\t\t\t\n<div class=\"wpcf7 no-js\" id=\"wpcf7-f4525-o1\" lang=\"ca\" dir=\"ltr\" data-wpcf7-id=\"4525\">\n<div class=\"screen-reader-response\"><p role=\"status\" aria-live=\"polite\" aria-atomic=\"true\"><\/p> <ul><\/ul><\/div>\n<form action=\"\/en\/wp-json\/wp\/v2\/pages\/5298#wpcf7-f4525-o1\" method=\"post\" class=\"wpcf7-form init cf7_custom_style_1\" aria-label=\"Formulari de contacte\" novalidate=\"novalidate\" data-status=\"init\">\n<fieldset class=\"hidden-fields-container\"><input type=\"hidden\" name=\"_wpcf7\" value=\"4525\" \/><input type=\"hidden\" name=\"_wpcf7_version\" value=\"6.1.5\" \/><input type=\"hidden\" name=\"_wpcf7_locale\" value=\"ca\" \/><input type=\"hidden\" name=\"_wpcf7_unit_tag\" value=\"wpcf7-f4525-o1\" \/><input type=\"hidden\" name=\"_wpcf7_container_post\" value=\"0\" \/><input type=\"hidden\" name=\"_wpcf7_posted_data_hash\" value=\"\" \/><input type=\"hidden\" name=\"_wpcf7_recaptcha_response\" value=\"\" \/>\n<\/fieldset>\n<p><span class=\"wpcf7-form-control-wrap\" data-name=\"your-name\"><input size=\"40\" maxlength=\"400\" class=\"wpcf7-form-control wpcf7-text wpcf7-validates-as-required\" aria-required=\"true\" aria-invalid=\"false\" placeholder=\"Nom\" value=\"\" type=\"text\" name=\"your-name\" \/><\/span><br \/>\n<span class=\"wpcf7-form-control-wrap\" data-name=\"your-email\"><input size=\"40\" maxlength=\"400\" class=\"wpcf7-form-control wpcf7-email wpcf7-validates-as-required wpcf7-text wpcf7-validates-as-email\" aria-required=\"true\" aria-invalid=\"false\" placeholder=\"Email\" value=\"\" type=\"email\" name=\"your-email\" \/><\/span><br \/>\n<span class=\"wpcf7-form-control-wrap\" data-name=\"your-message\"><textarea cols=\"40\" rows=\"10\" maxlength=\"2000\" class=\"wpcf7-form-control wpcf7-textarea\" aria-invalid=\"false\" placeholder=\"Missatge\" name=\"your-message\"><\/textarea><\/span><br \/>\n<button class=\"wpcf7-form-control wpcf7-submit eltdf-btn eltdf-btn-small eltdf-btn-solid\" type=\"submit\"><span class=\"eltdf-btn-text\">Enviar<\/span><\/button>\n<\/p><p style=\"display: none !important;\" class=\"akismet-fields-container\" data-prefix=\"_wpcf7_ak_\"><label>&#916;<textarea name=\"_wpcf7_ak_hp_textarea\" cols=\"45\" rows=\"8\" maxlength=\"100\"><\/textarea><\/label><input type=\"hidden\" id=\"ak_js_1\" name=\"_wpcf7_ak_js\" value=\"190\"\/><script>document.getElementById( \"ak_js_1\" ).setAttribute( \"value\", ( new Date() ).getTime() );<\/script><\/p><div class=\"wpcf7-response-output\" aria-hidden=\"true\"><\/div>\n<\/form>\n<\/div>\n\t\t<\/div>\n\t<\/div>\n<\/div><\/div>[\/vc_column][\/vc_row]<\/p>\n<\/section>","protected":false},"excerpt":{"rendered":"<p>[vc_row css=&#8221;.vc_custom_1541506378070{padding-top: 91px !important;padding-bottom: 18px !important;}&#8221;][vc_column][\/vc_column][\/vc_row]<\/p>\n","protected":false},"author":1,"featured_media":0,"parent":0,"menu_order":0,"comment_status":"closed","ping_status":"closed","template":"","meta":{"footnotes":""},"class_list":["post-5298","page","type-page","status-publish","hentry"],"yoast_head":"<!-- This site is optimized with the Yoast SEO plugin v27.0 - https:\/\/yoast.com\/product\/yoast-seo-wordpress\/ -->\n<title>Contact | Sonia Benitez Art<\/title>\n<meta name=\"robots\" content=\"index, follow, max-snippet:-1, max-image-preview:large, max-video-preview:-1\" \/>\n<link rel=\"canonical\" href=\"https:\/\/soniabenitez.art\/en\/contact\/\" \/>\n<meta property=\"og:locale\" content=\"en_US\" \/>\n<meta property=\"og:type\" content=\"article\" \/>\n<meta property=\"og:title\" content=\"Contact | Sonia Benitez Art\" \/>\n<meta property=\"og:description\" content=\"[vc_row css=&#8221;.vc_custom_1541506378070{padding-top: 91px !important;padding-bottom: 18px !important;}&#8221;][vc_column][\/vc_column][\/vc_row]\" \/>\n<meta property=\"og:url\" content=\"https:\/\/soniabenitez.art\/en\/contact\/\" \/>\n<meta property=\"og:site_name\" content=\"Sonia Benitez Art\" \/>\n<meta property=\"article:modified_time\" content=\"2024-06-22T14:15:06+00:00\" \/>\n<meta property=\"og:image\" content=\"https:\/\/soniabenitez.art\/wp-content\/uploads\/2018\/11\/caminant-02.jpg\" \/>\n\t<meta property=\"og:image:width\" content=\"1300\" \/>\n\t<meta property=\"og:image:height\" content=\"650\" \/>\n\t<meta property=\"og:image:type\" content=\"image\/jpeg\" \/>\n<meta name=\"twitter:card\" content=\"summary_large_image\" \/>\n<meta name=\"twitter:label1\" content=\"Est. reading time\" \/>\n\t<meta name=\"twitter:data1\" content=\"1 minute\" \/>\n<script type=\"application\/ld+json\" class=\"yoast-schema-graph\">{\"@context\":\"https:\/\/schema.org\",\"@graph\":[{\"@type\":\"WebPage\",\"@id\":\"https:\/\/soniabenitez.art\/en\/contact\/\",\"url\":\"https:\/\/soniabenitez.art\/en\/contact\/\",\"name\":\"Contact | Sonia Benitez Art\",\"isPartOf\":{\"@id\":\"https:\/\/soniabenitez.art\/en\/#website\"},\"datePublished\":\"2018-10-19T09:47:20+00:00\",\"dateModified\":\"2024-06-22T14:15:06+00:00\",\"breadcrumb\":{\"@id\":\"https:\/\/soniabenitez.art\/en\/contact\/#breadcrumb\"},\"inLanguage\":\"en-US\",\"potentialAction\":[{\"@type\":\"ReadAction\",\"target\":[\"https:\/\/soniabenitez.art\/en\/contact\/\"]}]},{\"@type\":\"BreadcrumbList\",\"@id\":\"https:\/\/soniabenitez.art\/en\/contact\/#breadcrumb\",\"itemListElement\":[{\"@type\":\"ListItem\",\"position\":1,\"name\":\"Inici\",\"item\":\"https:\/\/soniabenitez.art\/en\/about-me\/\"},{\"@type\":\"ListItem\",\"position\":2,\"name\":\"Contact\"}]},{\"@type\":\"WebSite\",\"@id\":\"https:\/\/soniabenitez.art\/en\/#website\",\"url\":\"https:\/\/soniabenitez.art\/en\/\",\"name\":\"Sonia Benitez Art\",\"description\":\"\",\"publisher\":{\"@id\":\"https:\/\/soniabenitez.art\/en\/#\/schema\/person\/760db1d52d2d582486f33a2fb74c1b24\"},\"potentialAction\":[{\"@type\":\"SearchAction\",\"target\":{\"@type\":\"EntryPoint\",\"urlTemplate\":\"https:\/\/soniabenitez.art\/en\/?s={search_term_string}\"},\"query-input\":{\"@type\":\"PropertyValueSpecification\",\"valueRequired\":true,\"valueName\":\"search_term_string\"}}],\"inLanguage\":\"en-US\"},{\"@type\":[\"Person\",\"Organization\"],\"@id\":\"https:\/\/soniabenitez.art\/en\/#\/schema\/person\/760db1d52d2d582486f33a2fb74c1b24\",\"name\":\"Sonia Benitez\",\"image\":{\"@type\":\"ImageObject\",\"inLanguage\":\"en-US\",\"@id\":\"https:\/\/soniabenitez.art\/en\/#\/schema\/person\/image\/\",\"url\":\"https:\/\/soniabenitez.art\/wp-content\/uploads\/2024\/01\/sonia_benitez_logo.png\",\"contentUrl\":\"https:\/\/soniabenitez.art\/wp-content\/uploads\/2024\/01\/sonia_benitez_logo.png\",\"width\":210,\"height\":126,\"caption\":\"Sonia Benitez\"},\"logo\":{\"@id\":\"https:\/\/soniabenitez.art\/en\/#\/schema\/person\/image\/\"},\"sameAs\":[\"https:\/\/soniabenitez.art\",\"https:\/\/www.instagram.com\/soniabenitez.art\/\"]}]}<\/script>\n<!-- \/ Yoast SEO plugin. -->","yoast_head_json":{"title":"Contact | Sonia Benitez Art","robots":{"index":"index","follow":"follow","max-snippet":"max-snippet:-1","max-image-preview":"max-image-preview:large","max-video-preview":"max-video-preview:-1"},"canonical":"https:\/\/soniabenitez.art\/en\/contact\/","og_locale":"en_US","og_type":"article","og_title":"Contact | Sonia Benitez Art","og_description":"[vc_row css=&#8221;.vc_custom_1541506378070{padding-top: 91px !important;padding-bottom: 18px !important;}&#8221;][vc_column][\/vc_column][\/vc_row]","og_url":"https:\/\/soniabenitez.art\/en\/contact\/","og_site_name":"Sonia Benitez Art","article_modified_time":"2024-06-22T14:15:06+00:00","og_image":[{"width":1300,"height":650,"url":"https:\/\/soniabenitez.art\/wp-content\/uploads\/2018\/11\/caminant-02.jpg","type":"image\/jpeg"}],"twitter_card":"summary_large_image","twitter_misc":{"Est. reading time":"1 minute"},"schema":{"@context":"https:\/\/schema.org","@graph":[{"@type":"WebPage","@id":"https:\/\/soniabenitez.art\/en\/contact\/","url":"https:\/\/soniabenitez.art\/en\/contact\/","name":"Contact | Sonia Benitez Art","isPartOf":{"@id":"https:\/\/soniabenitez.art\/en\/#website"},"datePublished":"2018-10-19T09:47:20+00:00","dateModified":"2024-06-22T14:15:06+00:00","breadcrumb":{"@id":"https:\/\/soniabenitez.art\/en\/contact\/#breadcrumb"},"inLanguage":"en-US","potentialAction":[{"@type":"ReadAction","target":["https:\/\/soniabenitez.art\/en\/contact\/"]}]},{"@type":"BreadcrumbList","@id":"https:\/\/soniabenitez.art\/en\/contact\/#breadcrumb","itemListElement":[{"@type":"ListItem","position":1,"name":"Inici","item":"https:\/\/soniabenitez.art\/en\/about-me\/"},{"@type":"ListItem","position":2,"name":"Contact"}]},{"@type":"WebSite","@id":"https:\/\/soniabenitez.art\/en\/#website","url":"https:\/\/soniabenitez.art\/en\/","name":"Sonia Benitez Art","description":"","publisher":{"@id":"https:\/\/soniabenitez.art\/en\/#\/schema\/person\/760db1d52d2d582486f33a2fb74c1b24"},"potentialAction":[{"@type":"SearchAction","target":{"@type":"EntryPoint","urlTemplate":"https:\/\/soniabenitez.art\/en\/?s={search_term_string}"},"query-input":{"@type":"PropertyValueSpecification","valueRequired":true,"valueName":"search_term_string"}}],"inLanguage":"en-US"},{"@type":["Person","Organization"],"@id":"https:\/\/soniabenitez.art\/en\/#\/schema\/person\/760db1d52d2d582486f33a2fb74c1b24","name":"Sonia Benitez","image":{"@type":"ImageObject","inLanguage":"en-US","@id":"https:\/\/soniabenitez.art\/en\/#\/schema\/person\/image\/","url":"https:\/\/soniabenitez.art\/wp-content\/uploads\/2024\/01\/sonia_benitez_logo.png","contentUrl":"https:\/\/soniabenitez.art\/wp-content\/uploads\/2024\/01\/sonia_benitez_logo.png","width":210,"height":126,"caption":"Sonia Benitez"},"logo":{"@id":"https:\/\/soniabenitez.art\/en\/#\/schema\/person\/image\/"},"sameAs":["https:\/\/soniabenitez.art","https:\/\/www.instagram.com\/soniabenitez.art\/"]}]}},"_links":{"self":[{"href":"https:\/\/soniabenitez.art\/en\/wp-json\/wp\/v2\/pages\/5298","targetHints":{"allow":["GET"]}}],"collection":[{"href":"https:\/\/soniabenitez.art\/en\/wp-json\/wp\/v2\/pages"}],"about":[{"href":"https:\/\/soniabenitez.art\/en\/wp-json\/wp\/v2\/types\/page"}],"author":[{"embeddable":true,"href":"https:\/\/soniabenitez.art\/en\/wp-json\/wp\/v2\/users\/1"}],"replies":[{"embeddable":true,"href":"https:\/\/soniabenitez.art\/en\/wp-json\/wp\/v2\/comments?post=5298"}],"version-history":[{"count":2,"href":"https:\/\/soniabenitez.art\/en\/wp-json\/wp\/v2\/pages\/5298\/revisions"}],"predecessor-version":[{"id":5300,"href":"https:\/\/soniabenitez.art\/en\/wp-json\/wp\/v2\/pages\/5298\/revisions\/5300"}],"wp:attachment":[{"href":"https:\/\/soniabenitez.art\/en\/wp-json\/wp\/v2\/media?parent=5298"}],"curies":[{"name":"wp","href":"https:\/\/api.w.org\/{rel}","templated":true}]}}